{"id":3425,"date":"2025-08-25T12:39:03","date_gmt":"2025-08-25T12:39:03","guid":{"rendered":"https:\/\/ascendiumadvisory.ca\/?page_id=3425"},"modified":"2025-08-25T12:39:03","modified_gmt":"2025-08-25T12:39:03","slug":"kako-se-vigora-prilega-sodobnim-farmacevtskim-trendom","status":"publish","type":"page","link":"https:\/\/ascendiumadvisory.ca\/index.php\/kako-se-vigora-prilega-sodobnim-farmacevtskim-trendom\/","title":{"rendered":"Kako se Vigora prilega sodobnim farmacevtskim trendom"},"content":{"rendered":"<div lang=sl>\n<h2>Kako se Vigora prilega sodobnim farmacevtskim trendom<\/h2>\n<h2>Uvod v Vigoro in njeno vlogo na trgu<\/h2>\n<p>Vigora se je pojavila kot klju\u010dni akter na rasto\u010dem trgu za zdravljenje erektilne disfunkcije (ED). To zdravilo, ki je pogosto povezano z izbolj\u0161anjem spolnega zdravja, posameznikom ponuja neinvazivno mo\u017enost za re\u0161evanje \u0161iroke skrbi. Ker Ed \u0161e naprej vpliva na milijone po vsem svetu, je vloga Vigore v sodobnih farmacevtskih trendih pridobila veliko pozornosti. Z zagotavljanjem zanesljive re\u0161itve za tiste, ki se spopadajo z erektilno disfunkcijo, se je Vigora odlo\u010dno uveljavila v razvijajo\u010di se pokrajini zdravljenja spolnega zdravja.<\/p>\n<p>Vse ve\u010dja raz\u0161irjenost ED, ki jo poganjajo dejavniki, kot so staranje prebivalstva in izbira \u017eivljenjskega sloga, je privedla do porasta povpra\u0161evanja po u\u010dinkovitih zdravilih. V tem kontekstu Vigora izstopa zaradi svoje edinstvene kombinacije aktivnih sestavin, cenovne dostopnosti in \u0161iroke dostopnosti. Njegova penetracija na trgu se nenehno pove\u010duje, ki jo poganja njena prisotnost tako v tradicionalnih zdravstvenih okoljih kot v spletnih lekarnah, ki prispevajo k njegovemu vse ve\u010djem ugledu kot dostopna re\u0161itev za ED.<\/p>\n<h3>Kaj je Vigora?<\/h3>\n<p>Vigora je farmacevtski izdelek, ki se uporablja predvsem za zdravljenje erektilne disfunkcije (ED). Pripada razredu zdravil, znanih kot zaviralci fosfodiesteraze tipa 5 (PDE5), ki vklju\u010duje tudi druga priljubljena zdravila ED, kot sta viagra in cialis. Njegov glavni namen je pove\u010dati pretok krvi v penis med spolnim vzburjenjem in s tem pomagati mo\u0161kim dose\u010di in ohraniti erekcijo.<\/p>\n<p>Vigora je na voljo <a href=\"https:\/\/italia-farmacia.it\/acquista-cialis-super-active-online-senza-ricetta\">Italia Farmacia<\/a> v tabli\u010dni obliki in je obi\u010dajno predpisana posameznikom, ki imajo te\u017eave pri doseganju ali vzdr\u017eevanju erekcije, kar je obi\u010dajno, saj mo\u0161ki starost starost. Zdravila jemljemo ustno, njegovi u\u010dinki pa lahko trajajo ve\u010d ur, odvisno od odziva posameznika na zdravilo. Kot pri drugih zaviralcih PDE5, tudi Vigora ni zdravilo za ED, vendar lahko bistveno izbolj\u0161a simptome, \u010de se pravilno uporablja.<\/p>\n<h3>Pregled aktivne sestavine Vigore in mehanizma delovanja<\/h3>\n<p>Aktivna sestavina v Vigori je sildenafil citrat, enaka spojina, ki jo najdemo v viagra. Sildenafil deluje z zaviranjem delovanja encima, imenovanega fosfodiesteraza tipa 5 (PDE5), ki obi\u010dajno razgradi cikli\u010dni gvanozin monofosfat (CGMP). CGMP je molekula, odgovorna za sprostitev gladkih mi\u0161ic v krvnih \u017eilah, kar jim omogo\u010da, da se raz\u0161irijo in izbolj\u0161ajo pretok krvi. Z blokiranjem PDE5 sildenafil omogo\u010da, da se CGMP kopi\u010di, kar vodi do pove\u010danega krvnega pretoka do penisa med spolno stimulacijo, kar je bistvenega pomena za dosego erekcije.<\/p>\n<p>Mehanizem delovanja Vigore je skoraj enak mehanizmu drugih zaviralcev PDE5, zaradi \u010desar je u\u010dinkovito zdravljenje za ED. U\u010dinki zdravila se obi\u010dajno za\u010dnejo v 30 do 60 minutah zau\u017eitja in lahko trajajo do 4-6 ur. Vendar je treba opozoriti, da bo Vigora delovala le, ko bo spolno vzburjenje, saj libido ne pove\u010da sam. Odmerjanje in \u010das zdravil sta klju\u010dnega pomena za optimalne rezultate, zato se priporo\u010da zdravni\u0161ki nasvet pred za\u010detkom zdravljenja.<\/p>\n<h2>Porast zdravljenja z erektilno disfunkcijo v sodobni medicini<\/h2>\n<p>Erektilna disfunkcija je \u017ee dolgo tabu predmet, v zadnjih letih. Ta premik je deloma posledica pove\u010danja ozave\u0161\u010denosti in normalizacije mo\u017enosti zdravljenja ED. Ker se je odnos do mo\u0161kega spolnega zdravja razvil, ve\u010d mo\u0161kih i\u0161\u010de zdravljenje, kar ima za posledico razcvet na trgu zdravljenja ED. Ta trend podpira dejstvo, da ED postaja vse pogostej\u0161i zaradi starajo\u010dega se populacije in \u017eivljenjskih dejavnikov, kot so debelost, stres in sede\u010de vedenje.<\/p>\n<p>Globalni trg za zdravljenje ED se je hitro raz\u0161iril, pri \u010demer napovedi industrije ka\u017eejo, da bo trg do leta 2027 dosegel ve\u010d kot 5 milijard dolarjev. To rast lahko pripi\u0161emo inovacijam v mo\u017enostih zdravljenja, vklju\u010dno z ustnimi zdravili, kot je vigora, in bolj invazivna zdravljenja, kot so vsadki penisa. Poleg tega je vse ve\u010dje sprejemanje spletnih lekarn in telemedicine, ki bolnikom omogo\u010dajo dostop do zdravil ED bolj priro\u010dno kot kdaj koli prej.<\/p>\n<h3>Globalni trendi pri zdravljenju z erektilno disfunkcijo<\/h3>\n<p>Zdravljenja ED so po vsem svetu \u0161ir\u0161e dostopna, pove\u010danje povpra\u0161evanja po spodbujanju farmacevtskih podjetij za razvoj u\u010dinkovitej\u0161ih in raznolikih mo\u017enosti. V Evropi in Severni Ameriki se je na primer sprejetje zdravil ED znatno pove\u010dalo, stopnja penetracije na trgu pa pribli\u017eno 20-25% v teh regijah. \u0160tevilni mo\u0161ki se zdaj odlo\u010dajo za zdravila na recept, kot je Vigora, kot zdravljenje prve linije, ne pa bolj invazivni postopki. Poleg tega je porast digitalnih zdravstvenih tehnologij in telemedicine olaj\u0161al dostop do teh zdravil, zaradi \u010desar so na voljo mo\u0161kim na celo oddaljenih obmo\u010djih.<\/p>\n<p>V Aziji in nastajajo\u010dih trgih se zdravljenje ED pridobiva na oprijema, zlasti z nara\u0161\u010dajo\u010do razpolo\u017eljivostjo cenovno dostopnih generi\u010dnih razli\u010dic zdravil, kot je Sildenafil. Ta razvoj dogodkov je spodbudil vse ve\u010dje ozave\u0161\u010denost o vpra\u0161anjih spolnega zdravja in kulturnega premika k prednostnim ocenam dobrega po\u010dutja mo\u0161kih. Ker globalni trg \u0161e naprej raste, je ve\u010dji poudarek na zagotavljanju, da so tretmaji, kot je Vigora, dostopni in cenovno dostopni za \u0161iroko paleto potro\u0161nikov.<\/p>\n<h3>Vpliv dru\u017ebenih in kulturnih premikov na uporabo zdravil ED<\/h3>\n<p>Spreminjanje odnosa dru\u017ebe do spolnega zdravja in mo\u0161kosti je znatno prispevalo k pove\u010dani uporabi zdravil ED. V mnogih kulturah, zlasti na zahodu, se je odmik od stigmatiziranja Eda oddaljil kot neprijetno ali tabujsko stanje. Namesto tega je ED zdaj obravnavan kot naravno vpra\u0161anje, ki ga je mogo\u010de obravnavati z zdravili, kot je Vigora, ki je na voljo in \u0161iroko sprejeta.<\/p>\n<p>Vzpon kampanj za dru\u017ebene medije in zdravstveno ozave\u0161\u010danje je \u0161e dodatno o\u017eivel ED, ki je mo\u0161ke spodbudil k zdravljenju brez sramu. Poleg tega ve\u010d mo\u0161kih odkrito govori o svojih izku\u0161njah z ED, kar je prispevalo k zmanj\u0161anju napa\u010dnih predstav o stanju. Ta odprtost je \u0161e posebej pomembna pri mlaj\u0161ih generacijah, ki zdaj bolj verjetno poi\u0161\u010dejo pomo\u010d za ED v zgodnej\u0161i dobi, trend, ki naj bi se nadaljeval, ko bodo zdravljenja ED postala bolj glavna.<\/p>\n<h2>Mesto Vigora med konkurenti v farmacevtski pokrajini<\/h2>\n<p>Vigora tekmuje z ve\u010d uveljavljenimi zdravili ED na trgu, vklju\u010dno z Viagra, Cialis in Levitro. Vsako od teh zdravil ima edinstvene lastnosti, ki privla\u010dijo razli\u010dne segmente prebivalstva. Na primer, viagra, najbolj znano zdravilo ED, ima dalj\u0161o zgodovino na trgu, Cialis pa je znan po svojih dolgotrajnih u\u010dinkih, ki lahko trajajo do 36 ur. Vigora pa je zaradi svoje cenovne dostopnosti in u\u010dinkovitosti izklesala svojo ni\u0161o, zlasti v regijah, kjer je cena pomembna pozornost.<\/p>\n<p>Medtem ko je u\u010dinkovitost Vigore primerljiva s strokovnimi konkurenti, je zaradi ni\u017ejih stro\u0161kov postal priljubljena mo\u017enost za \u0161tevilne mo\u0161ke, ki i\u0161\u010dejo zdravljenje za ED. Poleg tega je njegova razpolo\u017eljivost tako v blagovni znamki kot v splo\u0161nih oblikah prispevala k njegovi \u0161iroki uporabi. Kljub mo\u010dni konkurenci na trgu zdravljenja ED je ugled Vigore za zagotavljanje zanesljive in dostopne re\u0161itve utrdil svoj polo\u017eaj kot najvi\u0161ji kandidat.<\/p>\n<h3>Primerjava Vigore z drugimi zdravili ED<\/h3>\n<table>\n<tr>\n<th>Zdravila<\/th>\n<th>Aktivna sestavina<\/th>\n<th>Trajanje u\u010dinka<\/th>\n<th>Tipi\u010dni stro\u0161ki (na odmerek)<\/th>\n<\/tr>\n<tr>\n<td>Vigora<\/td>\n<td>Sildenafil citrat<\/td>\n<td>4-6 ur<\/td>\n<td>\u00a3 2- \u00a3 5<\/td>\n<\/tr>\n<tr>\n<td>Viagra<\/td>\n<td>Sildenafil citrat<\/td>\n<td>4-6 ur<\/td>\n<td>\u00a3 8- \u00a3 12<\/td>\n<\/tr>\n<tr>\n<td>Cialis<\/td>\n<td>Tadalafil<\/td>\n<td>36 ur<\/td>\n<td>\u00a3 10 do 15 \u00a3<\/td>\n<\/tr>\n<tr>\n<td>Levitra<\/td>\n<td>Vardenafil<\/td>\n<td>4-5 ur<\/td>\n<td>\u00a3 7- \u00a3 10<\/td>\n<\/tr>\n<\/table>\n<h3>Edinstvene lastnosti in prednosti vigore<\/h3>\n<p>Klju\u010dne prednosti Vigore so v njegovi kombinaciji u\u010dinkovitosti, cenovne dostopnosti in dostopnosti. Za razliko od svojih konkurentov zagotavlja stro\u0161kovno u\u010dinkovito alternativo dra\u017ejim zdravilom ED, ne da bi pri tem ogrozila uspe\u0161nost. Poleg tega je tabli\u010dna oblika Vigore priro\u010dna in diskretna, kar omogo\u010da posameznikom, da ga sprejmejo z lahkoto. Na voljo je tudi v blagovni znamki in splo\u0161nih razli\u010dicah, kar zagotavlja prilagodljivost za potro\u0161nike, ki i\u0161\u010dejo cenovno ugodnej\u0161e mo\u017enosti.<\/p>\n<p>Ena najpomembnej\u0161ih prednosti Vigore je njegova \u0161iroka razpolo\u017eljivost na trgu. Prodaja se prek razli\u010dnih kanalov, vklju\u010dno s tradicionalnimi lekarnami, spletnimi platformami in telemedicinskimi storitvami, ki prispevajo k njegovemu enostavnemu dostopu. Za tiste, ki \u017eelijo ohraniti diskrecijsko pravico, so spletne lekarne in mo\u017enosti dostave vse bolj priljubljene, saj nudijo udobje brez stigme, ki je v\u010dasih povezana z osebnim obiskom lekarne.<\/p>\n<h2>Inovacije in raziskave pri razvoju zdravil ED<\/h2>\n<p>Razvoj zdravil ED je bil v zadnjih desetletjih osrednja to\u010dka za farmacevtske raziskave. Inovacije v mehanizmih delovanja teh zdravil so znatno izbolj\u0161ale u\u010dinkovitost in varnost zdravljenja. Zaviralci PDE5, kot je sildenafil v Vigori, so bili prelomni v njihovi sposobnosti zdravljenja ED brez potrebe po invazivnih postopkih. Ta zdravila ponujajo neinvazivno mo\u017enost, ki je spremenila na\u010din zdravljenja ED, kar zagotavlja bolj dostopen in prijazen pristop k spolnemu zdravju.<\/p>\n<p>Raziskovalci \u0161e naprej raziskujejo nove na\u010dine za izbolj\u0161anje u\u010dinkovitosti zdravljenja ED, s poudarkom na razvoju zdravil z dalj\u0161imi u\u010dinki ali hitrej\u0161im \u010dasom nastanka. Poleg tega je vse ve\u010dje zanimanje za raziskovanje alternativnih mehanizmov delovanja, vklju\u010dno z uporabo genske terapije, terapije z mati\u010dnimi celicami in drugimi novimi zdravljenji, ki lahko nudijo novo upanje za tiste z ED. Prihodnost zdravljenja ED bo verjetno vklju\u010devala bolj prilagojene mo\u017enosti, prilagojene posebnim potrebam posameznika in zdravstvene zgodovine.<\/p>\n<h3>Klju\u010dni znanstveni napredek pri zdravljenju z erektilno disfunkcijo<\/h3>\n<p>Nedavni napredek pri zdravljenju erektilne disfunkcije se je osredoto\u010dil na izbolj\u0161anje natan\u010dnosti in dolgo\u017eivosti zdravil. Na primer, razvoj Tadalafila (cialis) je uvedel zdravilo, ki ponuja u\u010dinke, ki trajajo do 36 ur, kar je pomembno izbolj\u0161anje v primerjavi s prej\u0161njimi zdravili. Raziskovalci preu\u010dujejo tudi bolj usmerjene sisteme za dostavo zdravil, kot so injekcije ali vsadki, ki bi lahko zagotovili zanesljivej\u0161o in dolgoro\u010dno re\u0161itev ED.<\/p>\n<p>Poleg tega \u0161tudije o vlogi du\u0161ikovega oksida in drugih molekulskih poti, ki sodelujejo pri erektilni funkciji. Ti znanstveni napredki ka\u017eejo, da bodo lahko v bli\u017enji prihodnosti zdravila ED bolj neposredno ciljali.<\/p>\n<h3>Raziskave za razvoj Vigore<\/h3>\n<p>Razvoj Vigore je temeljil na obse\u017enih raziskavah u\u010dinkov sildenafila na erektilno disfunkcijo. Ta raziskava je vklju\u010devala klini\u010dna presku\u0161anja, ki so pokazala varnost in u\u010dinkovitost sildenafila pri izbolj\u0161anju erektilne funkcije. Kot splo\u0161na alternativa Viagra je Vigora izkoristila raziskavo, ki jo je izvedel Pfizer, prvotni razvijalci Sildenafila, ki so postavili temelje za svojo \u0161iroko uporabo. Klini\u010dni dokazi, ki podpirajo sposobnost Sildenafila za izbolj\u0161anje erektilne funkcije, so bili klju\u010dni pri zagotavljanju Vigorovega mesta na trgu.<\/p>\n<p>Nenehne raziskave u\u010dinkov Sildenafila \u0161e naprej podpirajo u\u010dinkovitost Vigore pri zdravljenju ED. Klini\u010dne \u0161tudije so potrdile, da sildenafil pomaga izbolj\u0161ati delovanje erektilne v pomembnem odstotku mo\u0161kih, pri \u010demer nekaj presku\u0161anj ka\u017eejo stopnjo uspe\u0161nosti do 80%. Ta robustna raziskovalna raziskava zagotavlja, da Vigora ostaja zaupanja vredna in u\u010dinkovita mo\u017enost za zdravljenje ED.<\/p>\n<h2>Regulativna odobritev in prodor na trg Vigora<\/h2>\n<p>Postopek pripeljanja Vigore na trg je vklju\u010deval stroge testiranja, da se zagotovi njena varnost in u\u010dinkovitost. Tako kot vsa zdravila ED je tudi Vigora opravila obse\u017ena klini\u010dna presku\u0161anja, da bi ocenila svojo uspe\u0161nost in prepoznala morebitne stranske u\u010dinke. Ko so bila presku\u0161anja kon\u010dana, je bila Vigora predlo\u017eena za odobritev regulativne zdravstvene organe, vklju\u010dno z regulativno agencijo za zdravila in zdravstvene izdelke v Veliki Britaniji (MHRA) ter Evropsko agencijo za zdravila (EMA). Po odobritvi je bila Vigora na trg uvedena kot varno in u\u010dinkovito zdravljenje ED.<\/p>\n<p>Regulativno potovanje Vigore je podprlo vse ve\u010d dokazov iz klini\u010dnih presku\u0161anj, kar je pokazalo sposobnost zdravil, da znatno izbolj\u0161ajo erektilno delovanje. Uspeh teh presku\u0161anj je Vigori omogo\u010dil prodor na ve\u010d mednarodnih trgov, kjer ga pacienti in zdravstveni delavci \u0161e naprej dobro sprejemajo.<\/p>\n<h3>Regulativni postopek zdravil ED<\/h3>\n<p>Odobritev zdravil ED, kot je Vigora, sledi strogemu regulativnemu postopku, ki vklju\u010duje ve\u010d stopenj klini\u010dnega testiranja. Sprva morajo farmacevtske dru\u017ebe predlo\u017eiti podrobne podatke o raziskavah regulativnim organom, kot sta MHRA in EMA, ki pregledujejo varnost in u\u010dinkovitost izdelka. Ko izdelek opravi klini\u010dna presku\u0161anja in regulativni pregled, je odobren za prodajo.<\/p>\n<p>Regulativni postopek je zasnovan tako, da zagotavlja, da so zdravila ED varna in u\u010dinkovita za bolnike. Ta postopek je klju\u010dnega pomena pri ohranjanju zaupanja javnosti v farmacevtske izdelke in zagotavljanju, da bolniki prejemajo kakovostna zdravila. Za Vigoro je ta postopek privedel do odobritve na razli\u010dnih trgih, kar je omogo\u010dilo, da postane klju\u010dni akter na trgu zdravil ED.<\/p>\n<h3>Pot Vigore do trga: odobritev in zagon<\/h3>\n<p>Potovanje Vigore na trg se je za\u010delo s klini\u010dnim testiranjem Sildenafila, aktivne sestavine. Ko so bila ta presku\u0161anja zaklju\u010dena in so bili rezultati ugodni, je bila Vigora predstavljena kot splo\u0161na alternativa Viagra. Postopek odobritve Vigore je bil razmeroma hiter, saj je bilo zdravilo \u017ee podprto z velikimi raziskavami o u\u010dinkovitosti Sildenafila pri zdravljenju ED. Cenovno dostopnost Vigora in dokazani rezultati so bili zelo privla\u010dna mo\u017enost tako za izvajalce zdravstvenih storitev kot za bolnike.<\/p>\n<p>Po odobritvi je Vigora zaradi konkuren\u010dnih cen in \u0161iroke razpolo\u017eljivosti hitro pridobila tr\u017eni dele\u017e. Njegova enostavnost dostopa prek spletnih in tradicionalnih lekarni\u0161kih prodajnih mest je igrala pomembno vlogo pri njegovem hitrem sprejemanju potro\u0161nikov po vsem svetu.<\/p>\n<h2>Prisotnost in dostopnost na trgu Vigora<\/h2>\n<p>Trg za ED zdravila je ogromen, saj milijoni mo\u0161kih po vsem svetu i\u0161\u010dejo zdravljenje zaradi erektilne disfunkcije. Prisotnost Vigore na tem trgu je bila pomembna, saj je droga zdaj na voljo v \u0161tevilnih dr\u017eavah. Vzpon spletnih lekarn in digitalnih zdravstvenih platform je posameznikom olaj\u0161al dostop do Vigore, ne da bi potrebovali posvetovanje. V dr\u017eavah, kot je Zdru\u017eeno kraljestvo, kjer je dostop do zdravil ED zelo reguliran, so spletne lekarne in telemedicinske storitve zagotovili dragoceno alternativo tradicionalnim lekarn z opeko in malto.<\/p>\n<p>Vigora je na voljo tudi v generi\u010dni obliki, ki je prispevala k njegovi cenovno dostopnosti in \u0161iroki uporabi. Zaradi tega je zdravila privla\u010dna mo\u017enost za posameznike, ki bi jih sicer lahko cenili iz dra\u017ejih tretmajev. Njegova cenovno dostopnost je Vigori omogo\u010dila, da se je uveljavila tako na razvitih kot nastajajo\u010dih trgih, kjer stro\u0161ki ostajajo pomemben dejavnik pri izbiri zdravljenja ED.<\/p>\n<h3>Globalna razpolo\u017eljivost in distribucija<\/h3>\n<p>Globalna distribucijska mre\u017ea Vigora je dobro uveljavljena, zdravila pa so na voljo v ve\u010d kot 30 dr\u017eavah. Najdemo ga v lekarnah, spletnih platformah in telemedicinskih storitvah, ki mo\u0161kim ponujajo prilagodljivost za dostop do zdravil na razli\u010dne na\u010dine. Vse ve\u010dje sprejemanje spletnih lekarn je prispevalo tudi k \u0161iroki porazdelitvi Vigore, kar je mo\u0161kim omogo\u010dilo nakup zdravil diskretno in priro\u010dno.<\/p>\n<p>Poleg tradicionalnih distribucijskih kanalov je Vigora pogosto vklju\u010dena v pogodbe o nakupu v velikem obsegu z izvajalci zdravstvenih storitev, kar zagotavlja njegovo razpolo\u017eljivost v bolni\u0161nicah in klinikah. Ta raz\u0161irjena porazdelitev zagotavlja, da vigora ostane dostopna bolnikom po vsem svetu, vklju\u010dno s tistimi v oddaljenih in premalo podhranjenih obmo\u010djih.<\/p>\n<h3>Cenovno dostopnost in dostop do potro\u0161nikov<\/h3>\n<p>Eden klju\u010dnih dejavnikov uspeha Vigore je njena cenovno dostopnost. Kot splo\u0161na razli\u010dica sildenafila je Vigora cena bistveno ni\u017eja od alternativ blagovne znamke, kot je Viagra. Ta razlika v ceni je dostopna \u0161ir\u0161emu naboru potro\u0161nikov, vklju\u010dno s tistimi v dr\u017eavah v razvoju. Poleg tega je razpolo\u017eljivost Vigore prek spletnih platform in telemedicinskih storitev \u0161e izbolj\u0161ala njegovo dostopnost, saj pacientom ni treba ve\u010d obiskati fizi\u010dne lekarne, da bi pridobili zdravila.<\/p>\n<p>Poleg tega mnogi izvajalci zdravstvenih storitev ponujajo programe za popust in zavarovalne na\u010drte, ki pokrivajo stro\u0161ke zdravil, kot je Vigora, zaradi \u010desar so \u0161e bolj dostopni tistim, ki ga potrebujejo. Ti dejavniki prispevajo k priljubljenosti Vigore pri bolnikih, ki potrebujejo u\u010dinkovito, cenovno ugodno zdravljenje za erektilno disfunkcijo.<\/p>\n<h2>Prihodnost zdravil ED in vloga Vigore<\/h2>\n<p>Prihodnost zdravil ED je videti obetavna, nenehne raziskave pa so bile osredoto\u010dene na izbolj\u0161anje u\u010dinkovitosti in udobja zdravljenja. Medtem ko zaviralci PDE5, kot je Vigora, ostajajo zlati standard za zdravljenje ED. Sem spadajo inovacije, kot so genska terapija, zdravljenje z mati\u010dnimi celicami in napredni sistemi dostave, katerih cilj je zagotoviti dolgotrajne rezultate ali ve\u010d ciljnih terapij za posamezne bolnike.<\/p>\n<p>Kljub pojavu teh novih mo\u017enosti zdravljenja je Vigora dobro postavljena za nadaljevanje svojega uspeha. Dokazana u\u010dinkovitost zdravil v kombinaciji z njeno cenovno dostopnostjo in dostopnostjo je privla\u010dna mo\u017enost za milijone mo\u0161kih po vsem svetu. Ko se bo trg zdravljenja ED \u0161iril, bo Vigora verjetno ohranila svojo mo\u010dno prisotnost, zlasti na trgih, kjer so stro\u0161ki klju\u010dni vidik. Njegova nenehna vloga v svetovnem boju proti erektilni disfunkciji je varna in verjetno bo \u0161e naprej vodilna mo\u017enost za bolnike, ki potrebujejo zanesljivo zdravljenje.<\/p>\n<h3>Nastajajo\u010di trendi pri zdravljenju ED<\/h3>\n<p>Ko trg za zdravljenje ED raste, naj bi se ve\u010d nastajajo\u010dih trendov oblikovalo prihodnost industrije. Klju\u010dni trend je vse ve\u010dja uporaba digitalnih zdravstvenih platform, vklju\u010dno s telemedicino in spletnimi lekarnami, ki bolnikom omogo\u010dajo dostop do zdravljenja ED bolj priro\u010dno. Poleg tega se osredoto\u010da na bolj prilagojeno zdravljenje, podjetja pa gledajo na genetske dejavnike in izbire \u017eivljenjskega sloga, da bi zdravila prilagodili posameznim potrebam. Ti trendi ka\u017eejo, da bo prihodnost zdravljenja ED bolj dostopna, cenovno dostopna in prilagojena kot kdaj koli prej.<\/p>\n<p>Poleg tega, ko bo ozave\u0161\u010denost javnosti o erektilni disfunkciji \u0161e naprej rasla, bodo mo\u0161ki verjetno bolj odprti za iskanje zdravljenja prej, kar bo vodilo do bolj\u0161ega rezultata in ve\u010dje povpra\u0161evanje po zdravilih, kot je Vigora. Ta premik v vedenju pacientov bo imel pomembno vlogo pri prihodnji rasti trga zdravil ED.<\/p>\n<h3>Kako je Vigora postavljena za prihodnjo rast<\/h3>\n<p>Polo\u017eaj Vigore na trgu je mo\u010dan, zahvaljujo\u010d ceni, u\u010dinkovitosti in \u0161iroke razpolo\u017eljivosti. Vse ve\u010dje globalno sprejemanje zdravljenja ED, skupaj z porastom spletnih lekarn in telemedicinskih storitev, zagotavlja, da bo Vigora ostala klju\u010dni akter na prostoru za zdravljenje ED v prihodnjih letih. Poleg tega nenehni razvoj novih formulacij in na\u010dina dostave za ED zdravila ka\u017ee, da se bo Vigora \u0161e naprej razvijala, prilagajala se bodo spreminjajo\u010dim se potrebam na trgu in pacientov.<\/p>\n<p>Ko se povpra\u0161evanje po zdravilih ED pove\u010duje, bo Vigora \u0161e naprej izkoristila svoj ugled kot zanesljiva in stro\u0161kovno u\u010dinkovita mo\u017enost zdravljenja. Njene mo\u017enosti za prihodnje rasti ostajajo pozitivne in dobro je name\u0161\u010deno, da ohrani svojo vodilno vlogo na trgu zdravljenja ED.<\/p>\n<\/div>\n","protected":false},"excerpt":{"rendered":"<p>Kako se Vigora prilega sodobnim farmacevtskim trendom Uvod v Vigoro in njeno vlogo na trgu Vigora se je pojavila kot klju\u010dni akter na rasto\u010dem trgu za zdravljenje erektilne disfunkcije (ED). To zdravilo, ki je pogosto povezano z izbolj\u0161anjem spolnega zdravja, posameznikom ponuja neinvazivno mo\u017enost za re\u0161evanje \u0161iroke skrbi. Ker Ed \u0161e naprej vpliva na milijone [&hellip;]<\/p>\n","protected":false},"author":1,"featured_media":0,"parent":0,"menu_order":0,"comment_status":"closed","ping_status":"closed","template":"","meta":{"site-sidebar-layout":"default","site-content-layout":"","ast-site-content-layout":"default","site-content-style":"default","site-sidebar-style":"default","ast-global-header-display":"","ast-banner-title-visibility":"","ast-main-header-display":"","ast-hfb-above-header-display":"","ast-hfb-below-header-display":"","ast-hfb-mobile-header-display":"","site-post-title":"","ast-breadcrumbs-content":"","ast-featured-img":"","footer-sml-layout":"","ast-disable-related-posts":"","theme-transparent-header-meta":"","adv-header-id-meta":"","stick-header-meta":"","header-above-stick-meta":"","header-main-stick-meta":"","header-below-stick-meta":"","astra-migrate-meta-layouts":"default","ast-page-background-enabled":"default","ast-page-background-meta":{"desktop":{"background-color":"var(--ast-global-color-4)","background-image":"","background-repeat":"repeat","background-position":"center center","background-size":"auto","background-attachment":"scroll","background-type":"","background-media":"","overlay-type":"","overlay-color":"","overlay-opacity":"","overlay-gradient":""},"tablet":{"background-color":"","background-image":"","background-repeat":"repeat","background-position":"center center","background-size":"auto","background-attachment":"scroll","background-type":"","background-media":"","overlay-type":"","overlay-color":"","overlay-opacity":"","overlay-gradient":""},"mobile":{"background-color":"","background-image":"","background-repeat":"repeat","background-position":"center center","background-size":"auto","background-attachment":"scroll","background-type":"","background-media":"","overlay-type":"","overlay-color":"","overlay-opacity":"","overlay-gradient":""}},"ast-content-background-meta":{"desktop":{"background-color":"var(--ast-global-color-5)","background-image":"","background-repeat":"repeat","background-position":"center center","background-size":"auto","background-attachment":"scroll","background-type":"","background-media":"","overlay-type":"","overlay-color":"","overlay-opacity":"","overlay-gradient":""},"tablet":{"background-color":"var(--ast-global-color-5)","background-image":"","background-repeat":"repeat","background-position":"center center","background-size":"auto","background-attachment":"scroll","background-type":"","background-media":"","overlay-type":"","overlay-color":"","overlay-opacity":"","overlay-gradient":""},"mobile":{"background-color":"var(--ast-global-color-5)","background-image":"","background-repeat":"repeat","background-position":"center center","background-size":"auto","background-attachment":"scroll","background-type":"","background-media":"","overlay-type":"","overlay-color":"","overlay-opacity":"","overlay-gradient":""}},"footnotes":""},"class_list":["post-3425","page","type-page","status-publish","hentry"],"_links":{"self":[{"href":"https:\/\/ascendiumadvisory.ca\/index.php\/wp-json\/wp\/v2\/pages\/3425","targetHints":{"allow":["GET"]}}],"collection":[{"href":"https:\/\/ascendiumadvisory.ca\/index.php\/wp-json\/wp\/v2\/pages"}],"about":[{"href":"https:\/\/ascendiumadvisory.ca\/index.php\/wp-json\/wp\/v2\/types\/page"}],"author":[{"embeddable":true,"href":"https:\/\/ascendiumadvisory.ca\/index.php\/wp-json\/wp\/v2\/users\/1"}],"replies":[{"embeddable":true,"href":"https:\/\/ascendiumadvisory.ca\/index.php\/wp-json\/wp\/v2\/comments?post=3425"}],"version-history":[{"count":1,"href":"https:\/\/ascendiumadvisory.ca\/index.php\/wp-json\/wp\/v2\/pages\/3425\/revisions"}],"predecessor-version":[{"id":3426,"href":"https:\/\/ascendiumadvisory.ca\/index.php\/wp-json\/wp\/v2\/pages\/3425\/revisions\/3426"}],"wp:attachment":[{"href":"https:\/\/ascendiumadvisory.ca\/index.php\/wp-json\/wp\/v2\/media?parent=3425"}],"curies":[{"name":"wp","href":"https:\/\/api.w.org\/{rel}","templated":true}]}}